{"id":4932,"date":"2025-07-08T15:21:39","date_gmt":"2025-07-08T13:21:39","guid":{"rendered":"https:\/\/www.citykamp.com\/port-de-colmar\/?page_id=4932"},"modified":"2025-07-17T10:33:42","modified_gmt":"2025-07-17T08:33:42","slug":"wohnmobilstellplaetze","status":"publish","type":"page","link":"https:\/\/www.port-de-colmar.com\/de\/wohnmobilstellplaetze\/","title":{"rendered":"Wohnmobilstellpl\u00e4tze"},"content":{"rendered":"<div class=\"wpb-content-wrapper\"><p>[vc_row][vc_column][vc_empty_space height=&#8220;52px&#8220;]<div class=\"wrappedcontent\">[vc_column_text css=&#8220;&#8220;]<\/p>\n<h1 style=\"text-align: center;\"><span style=\"font-size: 22pt;\"><strong>Wohnmobilstellpl\u00e4tze in Colmar: zwei L\u00f6sungen f\u00fcr Ihre Bed\u00fcrfnisse<br \/>\n<\/strong><\/span><\/h1>\n<p style=\"text-align: center;\"><span style=\"font-size: 14pt;\">Colmar bietet an derselben Adresse zwei verschiedene Stellplatzanlagen f\u00fcr Wohnmobile und Campingvans, jede mit eigenen Besonderheiten. Ob Sie eine flexible automatische L\u00f6sung oder einen komfortablen Aufenthalt suchen, entdecken Sie die Option, die zu Ihrer Reise passt.<\/span><\/p>\n<p>[\/vc_column_text][vc_empty_space height=&#8220;42px&#8220;][vc_column_text css=&#8220;&#8220;]<\/p>\n<h2 style=\"text-align: center;\"><span style=\"color: #317ac1;\"> Stellplatz am Freizeithafen: Vollkomfort in privilegierter Lage<\/span><\/h2>\n<p>[\/vc_column_text][vc_empty_space][vc_row_inner gap=&#8220;35&#8243;][vc_column_inner width=&#8220;1\/2&#8243;][vc_column_text css=&#8220;.vc_custom_1751980623946{padding-bottom: 25px !important;padding-left: 25px !important;background-color: #ffffff !important;}&#8220;]Die Stellplatzanlage innerhalb des Hafens bietet einen komfortablen Aufenthalt mit inklusiven Leistungen in unmittelbarer N\u00e4he zum historischen Zentrum.<\/p>\n<p><strong>\u00d6ffnungszeiten 2025-2026: <\/strong>vom 20. M\u00e4rz bis 2. November 2025, dann vom 24. November 2025 bis 4. Januar 2026. Eine kurzzeitige Schlie\u00dfung im November ist m\u00f6glich.<\/p>\n<ul>\n<li><strong>Zugelassene Fahrzeuge:<\/strong> alle Wohnmobile und Campingvans ohne L\u00e4ngenbeschr\u00e4nkung<\/li>\n<li><strong>Inklusive Leistungen:<\/strong> WC und Duschen, durchgehende Stromversorgung, Abwasserentsorgung, Frischwasserversorgung, M\u00fclltrennung und Abfallentsorgung<\/li>\n<li><strong>Zahlung: <\/strong>ausschlie\u00dflich mit Kreditkarte<\/li>\n<li>Waschsalon verf\u00fcgbar<\/li>\n<\/ul>\n<p>Ankunft nur zwischen 14 und 18 Uhr, Abreise vor 12 Uhr. Nach 18 Uhr ist keine Fahrzeugzufahrt mehr m\u00f6glich (nur Fu\u00dfg\u00e4ngerzugang).[\/vc_column_text]<div class=\"text-center btnwrap\"><a class=\"btn btn-huttopia-cta\" href=\"https:\/\/checkout.campings-nature.com\/950\/de\/\" role=\"button\" target=\"true\" onclick=\"dataLayer.push({'event':'clickCity', 'clickText':'Stellplatz reservieren'})\">Stellplatz reservieren<\/a><\/div>[vc_empty_space][\/vc_column_inner][vc_column_inner width=&#8220;1\/2&#8243;][vc_images_carousel images=&#8220;4955,4959,4963,4951&#8243; img_size=&#8220;500*400&#8243; onclick=&#8220;link_no&#8220; wrap=&#8220;yes&#8220; css=&#8220;&#8220;][\/vc_column_inner][\/vc_row_inner][vc_column_text css=&#8220;&#8220;]<\/p>\n<h2 style=\"text-align: center;\"><span style=\"color: #317ac1;\"> OnlyPark Automatikstellplatz: Freiheit und Flexibilit\u00e4t rund um die Uhr<\/span><\/h2>\n<p>[\/vc_column_text][vc_empty_space][vc_row_inner gap=&#8220;35&#8243;][vc_column_inner width=&#8220;1\/2&#8243;][vc_column_text css=&#8220;.vc_custom_1751980705281{padding-bottom: 25px !important;padding-left: 25px !important;background-color: #ffffff !important;}&#8220;]Der automatische Stellplatz in Colmar bietet eine praktische selbstst\u00e4ndige L\u00f6sung, ganzj\u00e4hrig rund um die Uhr zug\u00e4nglich. Nur wenige Schritte vom Stadtzentrum entfernt, ist er der ideale Halt f\u00fcr einen spontanen Besuch.<\/p>\n<ul>\n<li><strong>Zugelassene Fahrzeuge: <\/strong>Wohnmobile (maximal 8 Meter) und ausgebaute Vans<\/li>\n<li><strong>Nicht zugelassene Fahrzeuge: <\/strong>Anh\u00e4nger und Wohnmobile \u00fcber 8 Meter (werden zum Hafenstellplatz weitergeleitet)<\/li>\n<li><strong>Zus\u00e4tzliche Leistungen mit M\u00fcnzen: <\/strong>Strom, Entsorgung und Frischwasser gegen Aufpreis<\/li>\n<li><strong>Verf\u00fcgbare Leistungen: <\/strong>gesicherter Zugang mit pers\u00f6nlichem Code, M\u00fclltrennung, Abfallentsorgung, Waschsalon und direkte Bezahlung am Automaten<\/li>\n<\/ul>\n<p>Diese Anlage verf\u00fcgt \u00fcber keine Sanit\u00e4reinrichtungen. Bewahren Sie Ihren pers\u00f6nlichen Zugangscode, den Sie bei der Einfahrt erhalten, sorgf\u00e4ltig auf, um die Ausfahrt zu gew\u00e4hrleisten.[\/vc_column_text]<div class=\"text-center btnwrap\"><a class=\"btn btn-huttopia-cta\" href=\"https:\/\/www.onlypark.fr\/en\/colmar-area\/\" role=\"button\" target=\"true\" onclick=\"dataLayer.push({'event':'clickCity', 'clickText':'Mehr erfahren'})\">Mehr erfahren<\/a><\/div>[\/vc_column_inner][vc_column_inner width=&#8220;1\/2&#8243;][vc_images_carousel images=&#8220;5059,5063,5055&#8243; img_size=&#8220;500*400&#8243; onclick=&#8220;link_no&#8220; wrap=&#8220;yes&#8220; css=&#8220;&#8220;][\/vc_column_inner][\/vc_row_inner]<\/div>[\/vc_column][\/vc_row][vc_row css=&#8220;.vc_custom_1751447124363{margin-left: -0.5px !important;background-color: #317AC133 !important;}&#8220;][vc_column]<div class=\"wrappedcontent\">[vc_empty_space][vc_column_text css=&#8220;.vc_custom_1751980854901{padding-bottom: 25px !important;padding-left: 25px !important;}&#8220;]<\/p>\n<h2 style=\"text-align: center;\"><span style=\"color: #317ac1;\"><strong> Wie w\u00e4hlen und reservieren Sie Ihren Stellplatz?<\/strong><\/span><\/h2>\n<p>[\/vc_column_text][vc_empty_space height=&#8220;42px&#8220;][vc_row_inner css=&#8220;.vc_custom_1732027011178{margin-left: -0.5px !important;}&#8220;][vc_column_inner width=&#8220;1\/2&#8243;][vc_column_text css=&#8220;.vc_custom_1751980959925{padding-bottom: 25px !important;padding-left: 25px !important;}&#8220;]W\u00e4hlen Sie den<strong> Hafenstellplatz wenn:<\/strong><\/p>\n<ul>\n<li>Sie einen<strong> All-inclusive-Aufenthalt<\/strong> w\u00fcnschen<\/li>\n<li>Sie Ihren Aufenthalt im Voraus buchen m\u00f6chten<\/li>\n<li>Sie maximalen Komfort mit Sanit\u00e4ranlagen w\u00fcnschen<\/li>\n<li>Ihr Wohnmobil l\u00e4nger als 8 Meter ist oder Sie einen Anh\u00e4nger mitf\u00fchren<\/li>\n<li>Sie einen l\u00e4ngeren Aufenthalt planen<\/li>\n<li>Sie die privilegierte Lage am Freizeithafen sch\u00e4tzen<\/li>\n<\/ul>\n<p>[\/vc_column_text][\/vc_column_inner][vc_column_inner width=&#8220;1\/2&#8243;][vc_column_text css=&#8220;.vc_custom_1751980995002{padding-bottom: 25px !important;padding-left: 25px !important;}&#8220;]W\u00e4hlen Sie den <strong>automatischen OnlyPark Stellplatz<\/strong> wenn:<\/p>\n<ul>\n<li>Sie mit einem Wohnmobil unter 8 Meter reisen<\/li>\n<li>Sie v\u00f6llige zeitliche Flexibilit\u00e4t bevorzugen<\/li>\n<li>Ihr Fahrzeug \u00fcber eigene Sanit\u00e4reinrichtungen verf\u00fcgt<\/li>\n<li>Sie spontan ankommen m\u00f6chten<\/li>\n<\/ul>\n<p>[\/vc_column_text][\/vc_column_inner][\/vc_row_inner][vc_empty_space]<\/div>[\/vc_column][\/vc_row][vc_row][vc_column]<div class=\"wrappedcontent\">[vc_empty_space height=&#8220;15px&#8220;][vc_row_inner][vc_column_inner width=&#8220;1\/2&#8243;][vc_icon icon_fontawesome=&#8220;fas fa-map&#8220; color=&#8220;custom&#8220; size=&#8220;lg&#8220; align=&#8220;center&#8220; css=&#8220;&#8220; custom_color=&#8220;#317AC1&#8243; link=&#8220;url:https%3A%2F%2Fmedia.huttopia.com%2Fdestinations%2Fport-de-colmar%2Fplan-port-de-colmar.pdf|target:_blank&#8220;][vc_column_text css=&#8220;&#8220;]<\/p>\n<p style=\"text-align: center;\"><span style=\"font-size: 12pt;\">Hafenplan Colmar<\/span><\/p>\n<p>[\/vc_column_text][\/vc_column_inner][vc_column_inner width=&#8220;1\/2&#8243;][vc_icon icon_fontawesome=&#8220;fas fa-map-marker-alt&#8220; color=&#8220;custom&#8220; size=&#8220;lg&#8220; align=&#8220;center&#8220; css=&#8220;&#8220; custom_color=&#8220;#317AC1&#8243; link=&#8220;url:https%3A%2F%2Fmaps.app.goo.gl%2FDihK7YBZEvLcM9gU8|target:_blank&#8220;][vc_column_text css=&#8220;&#8220;]<\/p>\n<p style=\"text-align: center;\"><span style=\"font-size: 17.3333px;\">Anfahrt<\/span><\/p>\n<p>[\/vc_column_text][\/vc_column_inner][\/vc_row_inner][vc_empty_space height=&#8220;15px&#8220;]<\/div>[\/vc_column][\/vc_row]<\/p>\n<\/div>","protected":false},"excerpt":{"rendered":"<p>[vc_row][vc_column][vc_empty_space height=&#8220;52px&#8220;][\/vc_column][\/vc_row][vc_row css=&#8220;.vc_custom_1751447124363{margin-left: -0.5px !important;background-color: #317AC133 !important;}&#8220;][vc_column][\/vc_column][\/vc_row][vc_row][vc_column][\/vc_column][\/vc_row]<\/p>\n","protected":false},"author":48,"featured_media":4955,"parent":0,"menu_order":0,"comment_status":"closed","ping_status":"closed","template":"","meta":{"footnotes":""},"class_list":["post-4932","page","type-page","status-publish","has-post-thumbnail","hentry"],"yoast_head":"<!-- This site is optimized with the Yoast SEO plugin v25.6 - https:\/\/yoast.com\/wordpress\/plugins\/seo\/ -->\n<title>Wohnmobilstellplatz Colmar | Parken am Yachthafen<\/title>\n<meta name=\"description\" content=\"Zwei Wohnmobilbereiche in Colmar: 24\/7 Zugang oder Komfortstellpl\u00e4tze am Yachthafen, mit Versorgung und Stadtzentrum in 1 km Entfernung. Online buchen!\" \/>\n<meta name=\"robots\" content=\"index, follow, max-snippet:-1, max-image-preview:large, max-video-preview:-1\" \/>\n<link rel=\"canonical\" href=\"https:\/\/www.port-de-colmar.com\/de\/wohnmobilstellplaetze\/\" \/>\n<meta property=\"og:locale\" content=\"de_DE\" \/>\n<meta property=\"og:type\" content=\"article\" \/>\n<meta property=\"og:title\" content=\"Wohnmobilstellplatz Colmar | Parken am Yachthafen\" \/>\n<meta property=\"og:description\" content=\"Zwei Wohnmobilbereiche in Colmar: 24\/7 Zugang oder Komfortstellpl\u00e4tze am Yachthafen, mit Versorgung und Stadtzentrum in 1 km Entfernung. Online buchen!\" \/>\n<meta property=\"og:url\" content=\"https:\/\/www.port-de-colmar.com\/de\/wohnmobilstellplaetze\/\" \/>\n<meta property=\"og:site_name\" content=\"Port de colmar\" \/>\n<meta property=\"article:modified_time\" content=\"2025-07-17T08:33:42+00:00\" \/>\n<meta property=\"og:image\" content=\"https:\/\/www.port-de-colmar.com\/uploads\/sites\/60\/2025\/07\/20250530_132014-2.jpg\" \/>\n\t<meta property=\"og:image:width\" content=\"600\" \/>\n\t<meta property=\"og:image:height\" content=\"500\" \/>\n\t<meta property=\"og:image:type\" content=\"image\/jpeg\" \/>\n<meta name=\"twitter:card\" content=\"summary_large_image\" \/>\n<meta name=\"twitter:label1\" content=\"Est. reading time\" \/>\n\t<meta name=\"twitter:data1\" content=\"4 Minuten\" \/>\n<script type=\"application\/ld+json\" class=\"yoast-schema-graph\">{\"@context\":\"https:\/\/schema.org\",\"@graph\":[{\"@type\":\"WebPage\",\"@id\":\"https:\/\/www.port-de-colmar.com\/de\/wohnmobilstellplaetze\/\",\"url\":\"https:\/\/www.port-de-colmar.com\/de\/wohnmobilstellplaetze\/\",\"name\":\"Wohnmobilstellplatz Colmar | Parken am Yachthafen\",\"isPartOf\":{\"@id\":\"https:\/\/www.port-de-colmar.com\/de\/#website\"},\"primaryImageOfPage\":{\"@id\":\"https:\/\/www.port-de-colmar.com\/de\/wohnmobilstellplaetze\/#primaryimage\"},\"image\":{\"@id\":\"https:\/\/www.port-de-colmar.com\/de\/wohnmobilstellplaetze\/#primaryimage\"},\"thumbnailUrl\":\"https:\/\/www.port-de-colmar.com\/uploads\/sites\/60\/2025\/07\/20250530_132014-2.jpg\",\"datePublished\":\"2025-07-08T13:21:39+00:00\",\"dateModified\":\"2025-07-17T08:33:42+00:00\",\"description\":\"Zwei Wohnmobilbereiche in Colmar: 24\/7 Zugang oder Komfortstellpl\u00e4tze am Yachthafen, mit Versorgung und Stadtzentrum in 1 km Entfernung. Online buchen!\",\"breadcrumb\":{\"@id\":\"https:\/\/www.port-de-colmar.com\/de\/wohnmobilstellplaetze\/#breadcrumb\"},\"inLanguage\":\"de-DE\",\"potentialAction\":[{\"@type\":\"ReadAction\",\"target\":[\"https:\/\/www.port-de-colmar.com\/de\/wohnmobilstellplaetze\/\"]}]},{\"@type\":\"ImageObject\",\"inLanguage\":\"de-DE\",\"@id\":\"https:\/\/www.port-de-colmar.com\/de\/wohnmobilstellplaetze\/#primaryimage\",\"url\":\"https:\/\/www.port-de-colmar.com\/uploads\/sites\/60\/2025\/07\/20250530_132014-2.jpg\",\"contentUrl\":\"https:\/\/www.port-de-colmar.com\/uploads\/sites\/60\/2025\/07\/20250530_132014-2.jpg\",\"width\":600,\"height\":500},{\"@type\":\"BreadcrumbList\",\"@id\":\"https:\/\/www.port-de-colmar.com\/de\/wohnmobilstellplaetze\/#breadcrumb\",\"itemListElement\":[{\"@type\":\"ListItem\",\"position\":1,\"name\":\"Home\",\"item\":\"https:\/\/www.port-de-colmar.com\/de\/\"},{\"@type\":\"ListItem\",\"position\":2,\"name\":\"Wohnmobilstellpl\u00e4tze\"}]},{\"@type\":\"WebSite\",\"@id\":\"https:\/\/www.port-de-colmar.com\/de\/#website\",\"url\":\"https:\/\/www.port-de-colmar.com\/de\/\",\"name\":\"Port de colmar\",\"description\":\"\",\"potentialAction\":[{\"@type\":\"SearchAction\",\"target\":{\"@type\":\"EntryPoint\",\"urlTemplate\":\"https:\/\/www.port-de-colmar.com\/de\/?s={search_term_string}\"},\"query-input\":{\"@type\":\"PropertyValueSpecification\",\"valueRequired\":true,\"valueName\":\"search_term_string\"}}],\"inLanguage\":\"de-DE\"}]}<\/script>\n<!-- \/ Yoast SEO plugin. -->","yoast_head_json":{"title":"Wohnmobilstellplatz Colmar | Parken am Yachthafen","description":"Zwei Wohnmobilbereiche in Colmar: 24\/7 Zugang oder Komfortstellpl\u00e4tze am Yachthafen, mit Versorgung und Stadtzentrum in 1 km Entfernung. Online buchen!","robots":{"index":"index","follow":"follow","max-snippet":"max-snippet:-1","max-image-preview":"max-image-preview:large","max-video-preview":"max-video-preview:-1"},"canonical":"https:\/\/www.port-de-colmar.com\/de\/wohnmobilstellplaetze\/","og_locale":"de_DE","og_type":"article","og_title":"Wohnmobilstellplatz Colmar | Parken am Yachthafen","og_description":"Zwei Wohnmobilbereiche in Colmar: 24\/7 Zugang oder Komfortstellpl\u00e4tze am Yachthafen, mit Versorgung und Stadtzentrum in 1 km Entfernung. Online buchen!","og_url":"https:\/\/www.port-de-colmar.com\/de\/wohnmobilstellplaetze\/","og_site_name":"Port de colmar","article_modified_time":"2025-07-17T08:33:42+00:00","og_image":[{"width":600,"height":500,"url":"https:\/\/www.port-de-colmar.com\/uploads\/sites\/60\/2025\/07\/20250530_132014-2.jpg","type":"image\/jpeg"}],"twitter_card":"summary_large_image","twitter_misc":{"Est. reading time":"4 Minuten"},"schema":{"@context":"https:\/\/schema.org","@graph":[{"@type":"WebPage","@id":"https:\/\/www.port-de-colmar.com\/de\/wohnmobilstellplaetze\/","url":"https:\/\/www.port-de-colmar.com\/de\/wohnmobilstellplaetze\/","name":"Wohnmobilstellplatz Colmar | Parken am Yachthafen","isPartOf":{"@id":"https:\/\/www.port-de-colmar.com\/de\/#website"},"primaryImageOfPage":{"@id":"https:\/\/www.port-de-colmar.com\/de\/wohnmobilstellplaetze\/#primaryimage"},"image":{"@id":"https:\/\/www.port-de-colmar.com\/de\/wohnmobilstellplaetze\/#primaryimage"},"thumbnailUrl":"https:\/\/www.port-de-colmar.com\/uploads\/sites\/60\/2025\/07\/20250530_132014-2.jpg","datePublished":"2025-07-08T13:21:39+00:00","dateModified":"2025-07-17T08:33:42+00:00","description":"Zwei Wohnmobilbereiche in Colmar: 24\/7 Zugang oder Komfortstellpl\u00e4tze am Yachthafen, mit Versorgung und Stadtzentrum in 1 km Entfernung. Online buchen!","breadcrumb":{"@id":"https:\/\/www.port-de-colmar.com\/de\/wohnmobilstellplaetze\/#breadcrumb"},"inLanguage":"de-DE","potentialAction":[{"@type":"ReadAction","target":["https:\/\/www.port-de-colmar.com\/de\/wohnmobilstellplaetze\/"]}]},{"@type":"ImageObject","inLanguage":"de-DE","@id":"https:\/\/www.port-de-colmar.com\/de\/wohnmobilstellplaetze\/#primaryimage","url":"https:\/\/www.port-de-colmar.com\/uploads\/sites\/60\/2025\/07\/20250530_132014-2.jpg","contentUrl":"https:\/\/www.port-de-colmar.com\/uploads\/sites\/60\/2025\/07\/20250530_132014-2.jpg","width":600,"height":500},{"@type":"BreadcrumbList","@id":"https:\/\/www.port-de-colmar.com\/de\/wohnmobilstellplaetze\/#breadcrumb","itemListElement":[{"@type":"ListItem","position":1,"name":"Home","item":"https:\/\/www.port-de-colmar.com\/de\/"},{"@type":"ListItem","position":2,"name":"Wohnmobilstellpl\u00e4tze"}]},{"@type":"WebSite","@id":"https:\/\/www.port-de-colmar.com\/de\/#website","url":"https:\/\/www.port-de-colmar.com\/de\/","name":"Port de colmar","description":"","potentialAction":[{"@type":"SearchAction","target":{"@type":"EntryPoint","urlTemplate":"https:\/\/www.port-de-colmar.com\/de\/?s={search_term_string}"},"query-input":{"@type":"PropertyValueSpecification","valueRequired":true,"valueName":"search_term_string"}}],"inLanguage":"de-DE"}]}},"_links":{"self":[{"href":"https:\/\/www.port-de-colmar.com\/de\/wp-json\/wp\/v2\/pages\/4932","targetHints":{"allow":["GET"]}}],"collection":[{"href":"https:\/\/www.port-de-colmar.com\/de\/wp-json\/wp\/v2\/pages"}],"about":[{"href":"https:\/\/www.port-de-colmar.com\/de\/wp-json\/wp\/v2\/types\/page"}],"author":[{"embeddable":true,"href":"https:\/\/www.port-de-colmar.com\/de\/wp-json\/wp\/v2\/users\/48"}],"replies":[{"embeddable":true,"href":"https:\/\/www.port-de-colmar.com\/de\/wp-json\/wp\/v2\/comments?post=4932"}],"version-history":[{"count":2,"href":"https:\/\/www.port-de-colmar.com\/de\/wp-json\/wp\/v2\/pages\/4932\/revisions"}],"predecessor-version":[{"id":5261,"href":"https:\/\/www.port-de-colmar.com\/de\/wp-json\/wp\/v2\/pages\/4932\/revisions\/5261"}],"wp:featuredmedia":[{"embeddable":true,"href":"https:\/\/www.port-de-colmar.com\/de\/wp-json\/wp\/v2\/media\/4955"}],"wp:attachment":[{"href":"https:\/\/www.port-de-colmar.com\/de\/wp-json\/wp\/v2\/media?parent=4932"}],"curies":[{"name":"wp","href":"https:\/\/api.w.org\/{rel}","templated":true}]}}