{"id":868,"date":"2024-05-03T08:53:01","date_gmt":"2024-05-03T06:53:01","guid":{"rendered":"https:\/\/www.citykamp.com\/aix-en-provence\/hebergements\/"},"modified":"2025-07-17T10:15:13","modified_gmt":"2025-07-17T08:15:13","slug":"bootsliegeplaetze","status":"publish","type":"page","link":"https:\/\/www.port-de-colmar.com\/de\/bootsliegeplaetze\/","title":{"rendered":"Bootsliegepl\u00e4tze"},"content":{"rendered":"<div class=\"wpb-content-wrapper\"><p>[vc_row][vc_column][vc_empty_space]<div class=\"wrappedcontent\">[vc_column_text css=&#8220;&#8220;]<\/p>\n<h1 style=\"text-align: center;\"><span style=\"font-size: 20pt;\"><strong>Sie kommen mit dem Boot? Zwei Optionen stehen zur Verf\u00fcgung!<br \/>\n<\/strong><\/span><\/h1>\n<p style=\"text-align: center;\"><span style=\"font-size: 14pt;\">Nur 1 km vom historischen Zentrum entfernt empf\u00e4ngt Sie der Hafen in einer ruhigen, gr\u00fcnen Umgebung, ideal f\u00fcr einen mehrt\u00e4gigen Aufenthalt oder einen l\u00e4ngeren Liegeplatz.<\/span><\/p>\n<p>[\/vc_column_text][vc_empty_space height=&#8220;42px&#8220;][vc_row_inner gap=&#8220;35&#8243;][vc_column_inner width=&#8220;1\/2&#8243;][vc_column_text css=&#8220;.vc_custom_1752740274239{padding-bottom: 25px !important;padding-left: 25px !important;background-color: #ffffff !important;}&#8220;]<\/p>\n<h3><span style=\"color: #317ac1;\"><strong> Kurzzeitliegeplatz (Gastlieger)<\/strong><\/span><\/h3>\n<ul>\n<li data-start=\"1332\" data-end=\"1416\"><strong data-start=\"1332\" data-end=\"1342\">Geb\u00fchren: <\/strong>Tages-, Wochen- oder Monatstarife, je nach Bootsgr\u00f6\u00dfe (<span style=\"text-decoration: underline;\"><a href=\"https:\/\/media.huttopia.com\/destinations\/port-de-colmar\/tarifs-bateaux-de.pdf\">siehe Preisliste<\/a><\/span>)<\/li>\n<li data-start=\"1488\" data-end=\"1531\"><strong data-start=\"1488\" data-end=\"1510\">Ankunftszeiten:<\/strong> zwischen 14 und 18 Uhr<\/li>\n<li data-start=\"1534\" data-end=\"1582\"><strong data-start=\"1534\" data-end=\"1550\">Flexible Abreise, <\/strong>in der Regel vormittags<\/li>\n<li data-start=\"1585\" data-end=\"1622\"><strong data-start=\"1585\" data-end=\"1608\">Hafenordnung <\/strong>ist einzuhalten (hier <span style=\"text-decoration: underline;\"><a href=\"https:\/\/media.huttopia.com\/destinations\/port-de-colmar\/RI-port-de-colmar.pdf\">ansehen<\/a><\/span>)<\/li>\n<li data-start=\"1674\" data-end=\"1715\"><strong data-start=\"1674\" data-end=\"1713\">Kein Treibstoffverkauf vor Ort<\/strong><\/li>\n<li><strong>Strom inklusive<\/strong><\/li>\n<li data-start=\"1625\" data-end=\"1671\"><strong data-start=\"1625\" data-end=\"1637\">Zahlung: <\/strong>ausschlie\u00dflich mit Kreditkarte<\/li>\n<\/ul>\n<p>[\/vc_column_text][\/vc_column_inner][vc_column_inner width=&#8220;1\/2&#8243;][vc_column_text css=&#8220;.vc_custom_1752740280237{padding-bottom: 25px !important;padding-left: 25px !important;background-color: #ffffff !important;}&#8220;]<\/p>\n<h3><span style=\"color: #317ac1;\"><strong> Dauerliegeplatz (langfristig)<\/strong><\/span><\/h3>\n<ul>\n<li><span class=\"TextRun BCX0 SCXP68256644\" lang=\"FR-FR\" xml:lang=\"FR-FR\" data-scheme-color=\"@595959,1,18:65000,19:35000\" data-usefontface=\"false\" data-contrast=\"none\"><span class=\"NormalTextRun BCX0 SCXP68256644\"><strong>Geb\u00fchren: <\/strong>Jahres-, Quartals- oder Monatstarife (<span style=\"text-decoration: underline;\"><a href=\"https:\/\/media.huttopia.com\/destinations\/port-de-colmar\/tarifs-bateaux-de.pdf\">siehe Preisliste<\/a><\/span>)\u00a0<\/span><\/span><\/li>\n<li><strong data-start=\"1025\" data-end=\"1048\">Hafenordnung <\/strong>und <strong data-start=\"1025\" data-end=\"1048\">Mietvertrag<\/strong> bei Ankunft zu unterschreiben<\/li>\n<li><strong data-start=\"1153\" data-end=\"1165\">Bootsreinigung <\/strong>am Liegeplatz nicht gestattet<\/li>\n<li><strong>Strom gegen Aufpreis<\/strong> \u00fcber individuelle Z\u00e4hler<\/li>\n<li><strong data-start=\"1104\" data-end=\"1116\">Zahlung: <\/strong>ausschlie\u00dflich mit Kreditkarte<\/li>\n<\/ul>\n<p>[\/vc_column_text][\/vc_column_inner][\/vc_row_inner][vc_empty_space][vc_column_text css=&#8220;.vc_custom_1751901082363{padding-bottom: 25px !important;padding-left: 25px !important;background-color: #ffffff !important;}&#8220;]<\/p>\n<h3 style=\"text-align: center;\"><em><span style=\"font-size: 12pt;\"><strong>F\u00fcr weitere Informationen oder Reservierungen kontaktieren Sie uns bitte<\/strong><\/span><span style=\"color: #317ac1; font-size: 12pt;\"><strong><br \/>\n<\/strong><\/span><\/em><em><span style=\"font-size: 12pt;\"><a class=\"cursor-pointer\" href=\"mailto:port.colmar@huttopia.com\" rel=\"noopener\" data-start=\"1874\" data-end=\"1933\">port.colmar@huttopia.com<\/a> \/ <a href=\"tel:+33389208220\">+33 3 89 20 82 20<\/a><\/span><\/em><\/h3>\n<p>[\/vc_column_text][vc_row_inner gap=&#8220;35&#8243;][vc_column_inner width=&#8220;1\/3&#8243;][vc_single_image image=&#8220;4900&#8243; img_size=&#8220;600*450&#8243; alignment=&#8220;center&#8220; css=&#8220;&#8220;][\/vc_column_inner][vc_column_inner width=&#8220;1\/3&#8243;][vc_single_image image=&#8220;4892&#8243; img_size=&#8220;600*450&#8243; alignment=&#8220;center&#8220; css=&#8220;&#8220;][\/vc_column_inner][vc_column_inner width=&#8220;1\/3&#8243;][vc_single_image image=&#8220;4896&#8243; img_size=&#8220;600*450&#8243; alignment=&#8220;center&#8220; css=&#8220;&#8220;][\/vc_column_inner][\/vc_row_inner][vc_empty_space height=&#8220;15px&#8220;]<div class=\"text-center btnwrap\"><a class=\"btn btn-huttopia-cta\" href=\"https:\/\/media.huttopia.com\/destinations\/port-de-colmar\/plan-port-de-colmar.pdf\" role=\"button\" target=\"true\" onclick=\"dataLayer.push({'event':'clickCity', 'clickText':'HAFENPLAN ANSEHEN'})\">HAFENPLAN ANSEHEN<\/a><\/div><\/div>[\/vc_column][\/vc_row][vc_row css=&#8220;.vc_custom_1739896951165{margin-left: -0.5px !important;background-color: #E8E8E8 !important;}&#8220;][vc_column]<div class=\"wrappedcontent\">[vc_column_text css=&#8220;&#8220;]<\/p>\n<h3 style=\"text-align: center;\"><span style=\"color: #317ac1; font-size: 14pt;\"><strong>IN IHREM AUFENTHALT ENTHALTENE LEISTUNGEN<\/strong><\/span><\/h3>\n<p>[\/vc_column_text][vc_empty_space height=&#8220;42px&#8220;][vc_row_inner css=&#8220;.vc_custom_1732027011178{margin-left: -0.5px !important;}&#8220;][vc_column_inner width=&#8220;1\/6&#8243;][vc_empty_space][vc_icon icon_fontawesome=&#8220;fas fa-tint&#8220; color=&#8220;black&#8220; align=&#8220;center&#8220; css=&#8220;&#8220;][vc_column_text css=&#8220;&#8220;]<\/p>\n<p style=\"text-align: center;\">Wasser<\/p>\n<p>[\/vc_column_text][\/vc_column_inner][vc_column_inner width=&#8220;1\/6&#8243;][vc_empty_space][vc_icon icon_fontawesome=&#8220;fas fa-toilet&#8220; color=&#8220;black&#8220; align=&#8220;center&#8220; css=&#8220;&#8220;][vc_column_text css=&#8220;&#8220;]<\/p>\n<p style=\"text-align: center;\">Sanit\u00e4ranlagen rund um die Uhr zug\u00e4nglich<\/p>\n<p>[\/vc_column_text][\/vc_column_inner][vc_column_inner width=&#8220;1\/6&#8243;][vc_empty_space][vc_icon icon_fontawesome=&#8220;fas fa-tshirt&#8220; color=&#8220;black&#8220; align=&#8220;center&#8220; css=&#8220;&#8220;][vc_column_text css=&#8220;&#8220;]<\/p>\n<p style=\"text-align: center;\">Waschsalon<\/p>\n<p>[\/vc_column_text][\/vc_column_inner][vc_column_inner width=&#8220;1\/6&#8243;][vc_empty_space][vc_icon icon_fontawesome=&#8220;fas fa-bus&#8220; color=&#8220;black&#8220; align=&#8220;center&#8220; css=&#8220;&#8220;][vc_column_text css=&#8220;&#8220;]<\/p>\n<p style=\"text-align: center;\">Zugang zum st\u00e4dtischen Busnetz<\/p>\n<p>[\/vc_column_text][\/vc_column_inner][vc_column_inner width=&#8220;1\/6&#8243;][vc_empty_space][vc_icon icon_fontawesome=&#8220;fas fa-recycle&#8220; color=&#8220;black&#8220; align=&#8220;center&#8220; css=&#8220;&#8220;][vc_column_text css=&#8220;&#8220;]<\/p>\n<p style=\"text-align: center;\">M\u00fclltrennung und Abfallentsorgung<\/p>\n<p>[\/vc_column_text][\/vc_column_inner][vc_column_inner width=&#8220;1\/6&#8243;][vc_empty_space][vc_icon icon_fontawesome=&#8220;fas fa-map&#8220; color=&#8220;black&#8220; align=&#8220;center&#8220; css=&#8220;&#8220;][vc_column_text css=&#8220;&#8220;]<\/p>\n<p style=\"text-align: center;\">Touristische Informationen<\/p>\n<p>[\/vc_column_text][\/vc_column_inner][\/vc_row_inner][vc_empty_space]<\/div>[\/vc_column][\/vc_row]<\/p>\n<\/div>","protected":false},"excerpt":{"rendered":"<p>[vc_row][vc_column][vc_empty_space][\/vc_column][\/vc_row][vc_row css=&#8220;.vc_custom_1739896951165{margin-left: -0.5px !important;background-color: #E8E8E8 !important;}&#8220;][vc_column][\/vc_column][\/vc_row]<\/p>\n","protected":false},"author":4,"featured_media":4896,"parent":0,"menu_order":0,"comment_status":"closed","ping_status":"closed","template":"","meta":{"footnotes":""},"class_list":["post-868","page","type-page","status-publish","has-post-thumbnail","hentry"],"yoast_head":"<!-- This site is optimized with the Yoast SEO plugin v25.6 - https:\/\/yoast.com\/wordpress\/plugins\/seo\/ -->\n<title>Hafen Colmar | Willkommen f\u00fcr Gast- und Dauerlieger<\/title>\n<meta name=\"description\" content=\"Machen Sie Halt im Freizeithafen Colmar: Liegepl\u00e4tze f\u00fcr Gast- und Dauerlieger, mit Service-Einrichtungen, nur wenige Schritte vom historischen Zentrum entfernt.\" \/>\n<meta name=\"robots\" content=\"index, follow, max-snippet:-1, max-image-preview:large, max-video-preview:-1\" \/>\n<link rel=\"canonical\" href=\"https:\/\/www.port-de-colmar.com\/de\/bootsliegeplaetze\/\" \/>\n<meta property=\"og:locale\" content=\"de_DE\" \/>\n<meta property=\"og:type\" content=\"article\" \/>\n<meta property=\"og:title\" content=\"Hafen Colmar | Willkommen f\u00fcr Gast- und Dauerlieger\" \/>\n<meta property=\"og:description\" content=\"Machen Sie Halt im Freizeithafen Colmar: Liegepl\u00e4tze f\u00fcr Gast- und Dauerlieger, mit Service-Einrichtungen, nur wenige Schritte vom historischen Zentrum entfernt.\" \/>\n<meta property=\"og:url\" content=\"https:\/\/www.port-de-colmar.com\/de\/bootsliegeplaetze\/\" \/>\n<meta property=\"og:site_name\" content=\"Port de colmar\" \/>\n<meta property=\"article:modified_time\" content=\"2025-07-17T08:15:13+00:00\" \/>\n<meta property=\"og:image\" content=\"https:\/\/www.port-de-colmar.com\/uploads\/sites\/60\/2025\/06\/port-colmar-bateaux-4.jpg\" \/>\n\t<meta property=\"og:image:width\" content=\"600\" \/>\n\t<meta property=\"og:image:height\" content=\"450\" \/>\n\t<meta property=\"og:image:type\" content=\"image\/jpeg\" \/>\n<meta name=\"twitter:card\" content=\"summary_large_image\" \/>\n<meta name=\"twitter:label1\" content=\"Est. reading time\" \/>\n\t<meta name=\"twitter:data1\" content=\"3 Minuten\" \/>\n<script type=\"application\/ld+json\" class=\"yoast-schema-graph\">{\"@context\":\"https:\/\/schema.org\",\"@graph\":[{\"@type\":\"WebPage\",\"@id\":\"https:\/\/www.port-de-colmar.com\/de\/bootsliegeplaetze\/\",\"url\":\"https:\/\/www.port-de-colmar.com\/de\/bootsliegeplaetze\/\",\"name\":\"Hafen Colmar | Willkommen f\u00fcr Gast- und Dauerlieger\",\"isPartOf\":{\"@id\":\"https:\/\/www.port-de-colmar.com\/de\/#website\"},\"primaryImageOfPage\":{\"@id\":\"https:\/\/www.port-de-colmar.com\/de\/bootsliegeplaetze\/#primaryimage\"},\"image\":{\"@id\":\"https:\/\/www.port-de-colmar.com\/de\/bootsliegeplaetze\/#primaryimage\"},\"thumbnailUrl\":\"https:\/\/www.port-de-colmar.com\/uploads\/sites\/60\/2025\/06\/port-colmar-bateaux-4.jpg\",\"datePublished\":\"2024-05-03T06:53:01+00:00\",\"dateModified\":\"2025-07-17T08:15:13+00:00\",\"description\":\"Machen Sie Halt im Freizeithafen Colmar: Liegepl\u00e4tze f\u00fcr Gast- und Dauerlieger, mit Service-Einrichtungen, nur wenige Schritte vom historischen Zentrum entfernt.\",\"breadcrumb\":{\"@id\":\"https:\/\/www.port-de-colmar.com\/de\/bootsliegeplaetze\/#breadcrumb\"},\"inLanguage\":\"de-DE\",\"potentialAction\":[{\"@type\":\"ReadAction\",\"target\":[\"https:\/\/www.port-de-colmar.com\/de\/bootsliegeplaetze\/\"]}]},{\"@type\":\"ImageObject\",\"inLanguage\":\"de-DE\",\"@id\":\"https:\/\/www.port-de-colmar.com\/de\/bootsliegeplaetze\/#primaryimage\",\"url\":\"https:\/\/www.port-de-colmar.com\/uploads\/sites\/60\/2025\/06\/port-colmar-bateaux-4.jpg\",\"contentUrl\":\"https:\/\/www.port-de-colmar.com\/uploads\/sites\/60\/2025\/06\/port-colmar-bateaux-4.jpg\",\"width\":600,\"height\":450},{\"@type\":\"BreadcrumbList\",\"@id\":\"https:\/\/www.port-de-colmar.com\/de\/bootsliegeplaetze\/#breadcrumb\",\"itemListElement\":[{\"@type\":\"ListItem\",\"position\":1,\"name\":\"Home\",\"item\":\"https:\/\/www.port-de-colmar.com\/de\/\"},{\"@type\":\"ListItem\",\"position\":2,\"name\":\"Bootsliegepl\u00e4tze\"}]},{\"@type\":\"WebSite\",\"@id\":\"https:\/\/www.port-de-colmar.com\/de\/#website\",\"url\":\"https:\/\/www.port-de-colmar.com\/de\/\",\"name\":\"Port de colmar\",\"description\":\"\",\"potentialAction\":[{\"@type\":\"SearchAction\",\"target\":{\"@type\":\"EntryPoint\",\"urlTemplate\":\"https:\/\/www.port-de-colmar.com\/de\/?s={search_term_string}\"},\"query-input\":{\"@type\":\"PropertyValueSpecification\",\"valueRequired\":true,\"valueName\":\"search_term_string\"}}],\"inLanguage\":\"de-DE\"}]}<\/script>\n<!-- \/ Yoast SEO plugin. -->","yoast_head_json":{"title":"Hafen Colmar | Willkommen f\u00fcr Gast- und Dauerlieger","description":"Machen Sie Halt im Freizeithafen Colmar: Liegepl\u00e4tze f\u00fcr Gast- und Dauerlieger, mit Service-Einrichtungen, nur wenige Schritte vom historischen Zentrum entfernt.","robots":{"index":"index","follow":"follow","max-snippet":"max-snippet:-1","max-image-preview":"max-image-preview:large","max-video-preview":"max-video-preview:-1"},"canonical":"https:\/\/www.port-de-colmar.com\/de\/bootsliegeplaetze\/","og_locale":"de_DE","og_type":"article","og_title":"Hafen Colmar | Willkommen f\u00fcr Gast- und Dauerlieger","og_description":"Machen Sie Halt im Freizeithafen Colmar: Liegepl\u00e4tze f\u00fcr Gast- und Dauerlieger, mit Service-Einrichtungen, nur wenige Schritte vom historischen Zentrum entfernt.","og_url":"https:\/\/www.port-de-colmar.com\/de\/bootsliegeplaetze\/","og_site_name":"Port de colmar","article_modified_time":"2025-07-17T08:15:13+00:00","og_image":[{"width":600,"height":450,"url":"https:\/\/www.port-de-colmar.com\/uploads\/sites\/60\/2025\/06\/port-colmar-bateaux-4.jpg","type":"image\/jpeg"}],"twitter_card":"summary_large_image","twitter_misc":{"Est. reading time":"3 Minuten"},"schema":{"@context":"https:\/\/schema.org","@graph":[{"@type":"WebPage","@id":"https:\/\/www.port-de-colmar.com\/de\/bootsliegeplaetze\/","url":"https:\/\/www.port-de-colmar.com\/de\/bootsliegeplaetze\/","name":"Hafen Colmar | Willkommen f\u00fcr Gast- und Dauerlieger","isPartOf":{"@id":"https:\/\/www.port-de-colmar.com\/de\/#website"},"primaryImageOfPage":{"@id":"https:\/\/www.port-de-colmar.com\/de\/bootsliegeplaetze\/#primaryimage"},"image":{"@id":"https:\/\/www.port-de-colmar.com\/de\/bootsliegeplaetze\/#primaryimage"},"thumbnailUrl":"https:\/\/www.port-de-colmar.com\/uploads\/sites\/60\/2025\/06\/port-colmar-bateaux-4.jpg","datePublished":"2024-05-03T06:53:01+00:00","dateModified":"2025-07-17T08:15:13+00:00","description":"Machen Sie Halt im Freizeithafen Colmar: Liegepl\u00e4tze f\u00fcr Gast- und Dauerlieger, mit Service-Einrichtungen, nur wenige Schritte vom historischen Zentrum entfernt.","breadcrumb":{"@id":"https:\/\/www.port-de-colmar.com\/de\/bootsliegeplaetze\/#breadcrumb"},"inLanguage":"de-DE","potentialAction":[{"@type":"ReadAction","target":["https:\/\/www.port-de-colmar.com\/de\/bootsliegeplaetze\/"]}]},{"@type":"ImageObject","inLanguage":"de-DE","@id":"https:\/\/www.port-de-colmar.com\/de\/bootsliegeplaetze\/#primaryimage","url":"https:\/\/www.port-de-colmar.com\/uploads\/sites\/60\/2025\/06\/port-colmar-bateaux-4.jpg","contentUrl":"https:\/\/www.port-de-colmar.com\/uploads\/sites\/60\/2025\/06\/port-colmar-bateaux-4.jpg","width":600,"height":450},{"@type":"BreadcrumbList","@id":"https:\/\/www.port-de-colmar.com\/de\/bootsliegeplaetze\/#breadcrumb","itemListElement":[{"@type":"ListItem","position":1,"name":"Home","item":"https:\/\/www.port-de-colmar.com\/de\/"},{"@type":"ListItem","position":2,"name":"Bootsliegepl\u00e4tze"}]},{"@type":"WebSite","@id":"https:\/\/www.port-de-colmar.com\/de\/#website","url":"https:\/\/www.port-de-colmar.com\/de\/","name":"Port de colmar","description":"","potentialAction":[{"@type":"SearchAction","target":{"@type":"EntryPoint","urlTemplate":"https:\/\/www.port-de-colmar.com\/de\/?s={search_term_string}"},"query-input":{"@type":"PropertyValueSpecification","valueRequired":true,"valueName":"search_term_string"}}],"inLanguage":"de-DE"}]}},"_links":{"self":[{"href":"https:\/\/www.port-de-colmar.com\/de\/wp-json\/wp\/v2\/pages\/868","targetHints":{"allow":["GET"]}}],"collection":[{"href":"https:\/\/www.port-de-colmar.com\/de\/wp-json\/wp\/v2\/pages"}],"about":[{"href":"https:\/\/www.port-de-colmar.com\/de\/wp-json\/wp\/v2\/types\/page"}],"author":[{"embeddable":true,"href":"https:\/\/www.port-de-colmar.com\/de\/wp-json\/wp\/v2\/users\/4"}],"replies":[{"embeddable":true,"href":"https:\/\/www.port-de-colmar.com\/de\/wp-json\/wp\/v2\/comments?post=868"}],"version-history":[{"count":5,"href":"https:\/\/www.port-de-colmar.com\/de\/wp-json\/wp\/v2\/pages\/868\/revisions"}],"predecessor-version":[{"id":5242,"href":"https:\/\/www.port-de-colmar.com\/de\/wp-json\/wp\/v2\/pages\/868\/revisions\/5242"}],"wp:featuredmedia":[{"embeddable":true,"href":"https:\/\/www.port-de-colmar.com\/de\/wp-json\/wp\/v2\/media\/4896"}],"wp:attachment":[{"href":"https:\/\/www.port-de-colmar.com\/de\/wp-json\/wp\/v2\/media?parent=868"}],"curies":[{"name":"wp","href":"https:\/\/api.w.org\/{rel}","templated":true}]}}