{"id":984,"date":"2024-04-26T15:21:07","date_gmt":"2024-04-26T13:21:07","guid":{"rendered":"https:\/\/www.citykamp.com\/aix-en-provence\/home\/"},"modified":"2026-04-17T10:26:01","modified_gmt":"2026-04-17T08:26:01","slug":"accueil","status":"publish","type":"page","link":"https:\/\/www.port-de-colmar.com\/de\/","title":{"rendered":"home"},"content":{"rendered":"<div class=\"wpb-content-wrapper\"><p>[vc_row][vc_column]<div class=\"wrappedcontent\">[vc_row_inner][vc_column_inner][vc_empty_space][vc_column_text css=&#8220;.vc_custom_1751899044785{margin-left: -0.5px !important;}&#8220;]<\/p>\n<h2 style=\"text-align: center;\">Willkommen im Freizeithafen Colmar<\/h2>\n<p>[\/vc_column_text][vc_empty_space][vc_column_text css=&#8220;&#8220;]<\/p>\n<p style=\"text-align: center;\"><span style=\"font-size: 11pt;\"><em>Ge\u00f6ffnet bis zum 4. Januar 2027.<\/em><\/span><\/p>\n<p>[\/vc_column_text][\/vc_column_inner][\/vc_row_inner]<div class=\"text-center btnwrap\"><a class=\"btn btn-huttopia-cta\" href=\"https:\/\/port-de-colmar\/de\/buchung\/\" role=\"button\" target=\"\" onclick=\"dataLayer.push({'event':'clickCity', 'clickText':'Buchen'})\">Buchen<\/a><\/div>[vc_empty_space][vc_row_inner gap=&#8220;35&#8243; css=&#8220;.vc_custom_1741864557006{margin-left: -0.5px !important;}&#8220;][vc_column_inner width=&#8220;1\/2&#8243;][vc_images_carousel images=&#8220;4900,4951,4999&#8243; img_size=&#8220;600*500&#8243; onclick=&#8220;link_no&#8220; wrap=&#8220;yes&#8220; css=&#8220;&#8220;][\/vc_column_inner][vc_column_inner width=&#8220;1\/2&#8243;][vc_column_text css=&#8220;&#8220;]<\/p>\n<h2 style=\"text-align: left;\"><span style=\"font-size: 16pt;\"><strong>Ein au\u00dfergew\u00f6hnlicher Ort im Herzen der Stadt, zwischen Natur und els\u00e4ssischem Kulturerbe!<\/strong><\/span><\/h2>\n<p style=\"text-align: left;\"><span style=\"font-size: 14pt;\">Nur 1 km vom historischen Zentrum Colmars entfernt empf\u00e4ngt Sie der Freizeithafen in einer gr\u00fcnen und entspannenden Umgebung, wo Boote, Wohnmobile und Vans in einer ruhigen und freundlichen Atmosph\u00e4re nebeneinander existieren.<\/span><\/p>\n<h3 style=\"text-align: left;\"><span style=\"font-size: 18.6667px;\">Eine privilegierte Lage<\/span><\/h3>\n<ul>\n<li data-start=\"741\" data-end=\"772\"><span style=\"font-size: 14pt;\">Einkaufszentrum in 800 m Entfernung<\/span><\/li>\n<li data-start=\"741\" data-end=\"772\"><span style=\"font-size: 14pt;\">Supermarkt mit lokalen Produkten in 350 m Entfernung<\/span><\/li>\n<li data-start=\"741\" data-end=\"772\"><span style=\"font-size: 14pt;\">Bushaltestelle in 300 m Entfernung<\/span><\/li>\n<li data-start=\"741\" data-end=\"772\"><span style=\"font-size: 14pt;\">St\u00e4dtisches Schwimmbad in 1 km Entfernung<\/span><\/li>\n<\/ul>\n<p>[\/vc_column_text][\/vc_column_inner][\/vc_row_inner][vc_empty_space][vc_column_text css=&#8220;.vc_custom_1752649670813{margin-left: -0.5px !important;}&#8220;]<\/p>\n<h3 style=\"text-align: center;\">Sie kommen uns besuchen mit Ihrem\u2026<\/h3>\n<p>[\/vc_column_text][vc_empty_space][vc_row_inner gap=&#8220;15&#8243; css=&#8220;.vc_custom_1752649680349{margin-left: -0.5px !important;}&#8220;][vc_column_inner width=&#8220;1\/4&#8243;][\/vc_column_inner][vc_column_inner width=&#8220;1\/4&#8243;][vc_masonry_media_grid element_width=&#8220;12&#8243; item=&#8220;1939&#8243; css=&#8220;&#8220; grid_id=&#8220;vc_gid:1776414354275-5fe96dac-be03-10&#8243; include=&#8220;4896&#8243;][\/vc_column_inner][vc_column_inner width=&#8220;1\/4&#8243;][vc_masonry_media_grid element_width=&#8220;12&#8243; item=&#8220;1936&#8243; css=&#8220;&#8220; grid_id=&#8220;vc_gid:1776414354276-aa58bf2b-a32d-4&#8243; include=&#8220;4955&#8243;][\/vc_column_inner][vc_column_inner width=&#8220;1\/4&#8243;][\/vc_column_inner][\/vc_row_inner]<\/div>[\/vc_column][\/vc_row][vc_row css=&#8220;.vc_custom_1715764984968{background-color: #f4f4f4 !important;}&#8220;][vc_column]<div class=\"wrappedcontent\">[vc_row_inner][vc_column_inner width=&#8220;1\/4&#8243;][vc_icon icon_fontawesome=&#8220;far fa-clock&#8220; color=&#8220;black&#8220; align=&#8220;center&#8220; css=&#8220;&#8220;][vc_column_text css=&#8220;&#8220;]<\/p>\n<p style=\"text-align: center;\"><span style=\"font-size: 13pt;\"><span style=\"font-size: 14pt;\"><strong>Ankunftszeiten:<\/strong> 14 bis 18 Uhr<\/span><br \/>\n<\/span><em><span style=\"font-size: 13pt;\"><span style=\"font-size: 12pt;\">Nach 18 Uhr ist keine Fahrzeugzufahrt mehr m\u00f6glich (nur Fu\u00dfg\u00e4ngerzugang)<\/span><\/span><\/em><span style=\"font-size: 13pt; color: #ffffff;\"><br \/>\n<\/span><\/p>\n<p>[\/vc_column_text][\/vc_column_inner][vc_column_inner width=&#8220;1\/4&#8243;][vc_icon icon_fontawesome=&#8220;far fa-credit-card&#8220; color=&#8220;black&#8220; align=&#8220;center&#8220; css=&#8220;&#8220;][vc_column_text css=&#8220;&#8220;]<\/p>\n<p style=\"text-align: center;\"><span style=\"font-size: 13pt;\">Zahlung ausschlie\u00dflich mit Kreditkarte<\/span><\/p>\n<p>[\/vc_column_text][\/vc_column_inner][vc_column_inner width=&#8220;1\/4&#8243;][vc_icon icon_fontawesome=&#8220;fas fa-paw&#8220; color=&#8220;black&#8220; align=&#8220;center&#8220; css=&#8220;&#8220;][vc_column_text css=&#8220;&#8220;]<\/p>\n<p style=\"text-align: center;\"><span style=\"font-size: 13pt;\"><strong>Haustiere erlaubt<\/strong><br \/>\n<span style=\"font-size: 12pt;\"><em>(angeleint und geimpft)<\/em><\/span><\/span><\/p>\n<p>[\/vc_column_text][\/vc_column_inner][vc_column_inner width=&#8220;1\/4&#8243;][vc_icon icon_fontawesome=&#8220;fas fa-wifi&#8220; color=&#8220;black&#8220; align=&#8220;center&#8220; css=&#8220;&#8220;][vc_column_text css=&#8220;&#8220;]<\/p>\n<p style=\"text-align: center;\"><span style=\"font-size: 13pt;\"><strong>Kein WLAN vor Ort<\/strong><br \/>\n<\/span><\/p>\n<p>[\/vc_column_text][\/vc_column_inner][\/vc_row_inner]<\/div>[\/vc_column][\/vc_row][vc_row][vc_column]<div class=\"wrappedcontent\">[vc_empty_space][vc_column_text css=&#8220;&#8220;]<\/p>\n<h2 style=\"text-align: center;\"><strong>Wie erreichen Sie den Freizeithafen Colmar mit dem Wohnmobil?<\/strong><\/h2>\n<p>[\/vc_column_text][vc_empty_space][vc_row_inner gap=&#8220;35&#8243; css=&#8220;.vc_custom_1715765008032{margin-left: -0.5px !important;}&#8220;][vc_column_inner width=&#8220;1\/3&#8243;][\/vc_column_inner][vc_column_inner width=&#8220;1\/3&#8243;][vc_single_image image=&#8220;4218&#8243; img_size=&#8220;71*71&#8243; alignment=&#8220;center&#8220; css=&#8220;&#8220;][vc_empty_space][vc_column_text css=&#8220;&#8220;]<\/p>\n<p style=\"text-align: center;\">Von der N83 nehmen Sie die Ausfahrt Colmar Centre, folgen Sie den Schildern Neuf-Brisach \/ Freizeithafen, dann weiter bis zur Avenue de la Libert\u00e9. Die Einfahrt zum Hafen ist gut ausgeschildert.<\/p>\n<p>[\/vc_column_text][\/vc_column_inner][vc_column_inner width=&#8220;1\/3&#8243;][\/vc_column_inner][\/vc_row_inner][vc_empty_space][vc_column_text css=&#8220;&#8220;]<\/p>\n<p style=\"text-align: center;\"><a href=\"https:\/\/maps.app.goo.gl\/BNStzgrrx3mtACsP8\" target=\"_blank\" rel=\"noopener\"><b>Anfahrt<\/b><\/a><\/p>\n<p>[\/vc_column_text]<\/div>[\/vc_column][\/vc_row][vc_row][vc_column]\n    <div id=\"map888620\" class=\"map\"><\/div>\n    <script type=\"text\/javascript\">\n        let iconType = L.icon({\n            iconUrl: baseDirectory + '\/img\/pin.png',\n            iconSize: [22, 48],\n            iconAnchor: [11, 46],\n            popupAnchor: [0, -46]\n        });\n        let map = L.map('map888620', {\n            center: L.latLng(48.080551, 7.375915),\n            zoom: 10.8,\n            layers: [L.tileLayer('https:\/\/cartodb-basemaps-b.global.ssl.fastly.net\/light_all\/{z}\/{x}\/{y}.png', {\n                attribution: '&copy; <a href=\"https:\/\/www.openstreetmap.org\/copyright\">OpenStreetMap<\/a>'\n            })],\n            zoomSnap: 0.2\n        });\n        setTimeout(map.invalidateSize.bind(map), 100);\n        let contentString = '<div id=\"content\">' +\n            '<div id=\"siteNotice\">' +\n            '<\/div>' +\n            '<h4 id=\"firstHeading\" class=\"firstHeading\">Port de plaisance de Colmar<\/h4>' +\n            '<div id=\"bodyContent\">' +\n            '<p><\/p>' +\n            '<p>6 rue du canal, 68000 Colmar<\/p>' +\n            '<\/div>' +\n            '<\/div>';\n        let marker = L.marker([48.080551, 7.375915], {icon: iconType}).addTo(map);\n        marker.bindPopup(contentString).openPopup();\n        let iwOuter = document.querySelector('.leaflet-popup-content-wrapper');\n        let iwArrow = document.querySelector('.leaflet-popup-tip');\n        iwOuter.style.backgroundColor = '#317AC1';\n        iwArrow.style.backgroundColor = '#317AC1';\n    <\/script>\n    [\/vc_column][\/vc_row][vc_row][vc_column]<div class=\"wrappedcontent\">[vc_row_inner][vc_column_inner width=&#8220;1\/3&#8243;][vc_icon icon_fontawesome=&#8220;fas fa-map&#8220; color=&#8220;custom&#8220; size=&#8220;lg&#8220; align=&#8220;center&#8220; css=&#8220;&#8220; custom_color=&#8220;#317AC1&#8243; link=&#8220;url:https%3A%2F%2Fmedia.huttopia.com%2Fdestinations%2Fport-de-colmar%2Fplan-port-de-colmar.pdf|target:_blank&#8220;][vc_empty_space][vc_column_text css=&#8220;&#8220;]<\/p>\n<p style=\"text-align: center;\"><span style=\"font-size: 12pt;\">Hafenplan Colmar<\/span><\/p>\n<p>[\/vc_column_text][\/vc_column_inner][vc_column_inner width=&#8220;1\/3&#8243;][vc_icon icon_fontawesome=&#8220;far fa-envelope&#8220; color=&#8220;custom&#8220; size=&#8220;lg&#8220; align=&#8220;center&#8220; css=&#8220;&#8220; custom_color=&#8220;#317AC1&#8243; link=&#8220;url:https%3A%2F%2Fwww.port-de-colmar.com%2Fcontact%2F&#8220;][vc_empty_space][vc_column_text css=&#8220;&#8220;]<\/p>\n<p style=\"text-align: center;\"><span style=\"font-size: 17.3333px;\">Kontakt<\/span><\/p>\n<p>[\/vc_column_text][\/vc_column_inner][vc_column_inner width=&#8220;1\/3&#8243;][vc_icon icon_fontawesome=&#8220;fas fa-map-marker-alt&#8220; color=&#8220;custom&#8220; size=&#8220;lg&#8220; align=&#8220;center&#8220; css=&#8220;&#8220; custom_color=&#8220;#317AC1&#8243; link=&#8220;url:https%3A%2F%2Fmaps.app.goo.gl%2FDihK7YBZEvLcM9gU8|target:_blank&#8220;][vc_empty_space][vc_column_text css=&#8220;&#8220;]<\/p>\n<p style=\"text-align: center;\"><span style=\"font-size: 17.3333px;\">Anfahrt<\/span><\/p>\n<p>[\/vc_column_text][\/vc_column_inner][\/vc_row_inner]<\/div>[\/vc_column][\/vc_row]<\/p>\n<\/div>","protected":false},"excerpt":{"rendered":"<p>[vc_row][vc_column][\/vc_column][\/vc_row][vc_row css=&#8220;.vc_custom_1715764984968{background-color: #f4f4f4 !important;}&#8220;][vc_column][\/vc_column][\/vc_row][vc_row][vc_column][\/vc_column][\/vc_row][vc_row][vc_column][\/vc_column][\/vc_row][vc_row][vc_column][\/vc_column][\/vc_row]<\/p>\n","protected":false},"author":4,"featured_media":4896,"parent":0,"menu_order":0,"comment_status":"closed","ping_status":"closed","template":"templates\/page-home.php","meta":{"footnotes":""},"class_list":["post-984","page","type-page","status-publish","has-post-thumbnail","hentry"],"yoast_head":"<!-- This site is optimized with the Yoast SEO plugin v25.6 - https:\/\/yoast.com\/wordpress\/plugins\/seo\/ -->\n<title>Freizeithafen Colmar | Boote &amp; Wohnmobile im Elsass<\/title>\n<meta name=\"description\" content=\"\u00dcbernachten Sie im Hafen von Colmar: Wohnmobilstellplatz, Bootsliegepl\u00e4tze, 1 km vom Zentrum entfernt. Natur, Ruhe und Service nur wenige Schritte von der Altstadt entfernt.\" \/>\n<meta name=\"robots\" content=\"index, follow, max-snippet:-1, max-image-preview:large, max-video-preview:-1\" \/>\n<link rel=\"canonical\" href=\"https:\/\/www.port-de-colmar.com\/de\/\" \/>\n<meta property=\"og:locale\" content=\"de_DE\" \/>\n<meta property=\"og:type\" content=\"article\" \/>\n<meta property=\"og:title\" content=\"Freizeithafen Colmar | Boote &amp; Wohnmobile im Elsass\" \/>\n<meta property=\"og:description\" content=\"\u00dcbernachten Sie im Hafen von Colmar: Wohnmobilstellplatz, Bootsliegepl\u00e4tze, 1 km vom Zentrum entfernt. Natur, Ruhe und Service nur wenige Schritte von der Altstadt entfernt.\" \/>\n<meta property=\"og:url\" content=\"https:\/\/www.port-de-colmar.com\/de\/\" \/>\n<meta property=\"og:site_name\" content=\"Port de colmar\" \/>\n<meta property=\"article:modified_time\" content=\"2026-04-17T08:26:01+00:00\" \/>\n<meta property=\"og:image\" content=\"https:\/\/www.port-de-colmar.com\/uploads\/sites\/60\/2025\/06\/port-colmar-bateaux-4.jpg\" \/>\n\t<meta property=\"og:image:width\" content=\"600\" \/>\n\t<meta property=\"og:image:height\" content=\"450\" \/>\n\t<meta property=\"og:image:type\" content=\"image\/jpeg\" \/>\n<meta name=\"twitter:card\" content=\"summary_large_image\" \/>\n<meta name=\"twitter:label1\" content=\"Est. reading time\" \/>\n\t<meta name=\"twitter:data1\" content=\"3 Minuten\" \/>\n<script type=\"application\/ld+json\" class=\"yoast-schema-graph\">{\"@context\":\"https:\/\/schema.org\",\"@graph\":[{\"@type\":\"WebPage\",\"@id\":\"https:\/\/www.port-de-colmar.com\/de\/\",\"url\":\"https:\/\/www.port-de-colmar.com\/de\/\",\"name\":\"Freizeithafen Colmar | Boote & Wohnmobile im Elsass\",\"isPartOf\":{\"@id\":\"https:\/\/www.port-de-colmar.com\/de\/#website\"},\"primaryImageOfPage\":{\"@id\":\"https:\/\/www.port-de-colmar.com\/de\/#primaryimage\"},\"image\":{\"@id\":\"https:\/\/www.port-de-colmar.com\/de\/#primaryimage\"},\"thumbnailUrl\":\"https:\/\/www.port-de-colmar.com\/uploads\/sites\/60\/2025\/06\/port-colmar-bateaux-4.jpg\",\"datePublished\":\"2024-04-26T13:21:07+00:00\",\"dateModified\":\"2026-04-17T08:26:01+00:00\",\"description\":\"\u00dcbernachten Sie im Hafen von Colmar: Wohnmobilstellplatz, Bootsliegepl\u00e4tze, 1 km vom Zentrum entfernt. Natur, Ruhe und Service nur wenige Schritte von der Altstadt entfernt.\",\"breadcrumb\":{\"@id\":\"https:\/\/www.port-de-colmar.com\/de\/#breadcrumb\"},\"inLanguage\":\"de-DE\",\"potentialAction\":[{\"@type\":\"ReadAction\",\"target\":[\"https:\/\/www.port-de-colmar.com\/de\/\"]}]},{\"@type\":\"ImageObject\",\"inLanguage\":\"de-DE\",\"@id\":\"https:\/\/www.port-de-colmar.com\/de\/#primaryimage\",\"url\":\"https:\/\/www.port-de-colmar.com\/uploads\/sites\/60\/2025\/06\/port-colmar-bateaux-4.jpg\",\"contentUrl\":\"https:\/\/www.port-de-colmar.com\/uploads\/sites\/60\/2025\/06\/port-colmar-bateaux-4.jpg\",\"width\":600,\"height\":450},{\"@type\":\"BreadcrumbList\",\"@id\":\"https:\/\/www.port-de-colmar.com\/de\/#breadcrumb\",\"itemListElement\":[{\"@type\":\"ListItem\",\"position\":1,\"name\":\"Home\",\"item\":\"https:\/\/www.port-de-colmar.com\/de\/\"},{\"@type\":\"ListItem\",\"position\":2,\"name\":\"home\"}]},{\"@type\":\"WebSite\",\"@id\":\"https:\/\/www.port-de-colmar.com\/de\/#website\",\"url\":\"https:\/\/www.port-de-colmar.com\/de\/\",\"name\":\"Port de colmar\",\"description\":\"\",\"potentialAction\":[{\"@type\":\"SearchAction\",\"target\":{\"@type\":\"EntryPoint\",\"urlTemplate\":\"https:\/\/www.port-de-colmar.com\/de\/?s={search_term_string}\"},\"query-input\":{\"@type\":\"PropertyValueSpecification\",\"valueRequired\":true,\"valueName\":\"search_term_string\"}}],\"inLanguage\":\"de-DE\"}]}<\/script>\n<!-- \/ Yoast SEO plugin. -->","yoast_head_json":{"title":"Freizeithafen Colmar | Boote & Wohnmobile im Elsass","description":"\u00dcbernachten Sie im Hafen von Colmar: Wohnmobilstellplatz, Bootsliegepl\u00e4tze, 1 km vom Zentrum entfernt. Natur, Ruhe und Service nur wenige Schritte von der Altstadt entfernt.","robots":{"index":"index","follow":"follow","max-snippet":"max-snippet:-1","max-image-preview":"max-image-preview:large","max-video-preview":"max-video-preview:-1"},"canonical":"https:\/\/www.port-de-colmar.com\/de\/","og_locale":"de_DE","og_type":"article","og_title":"Freizeithafen Colmar | Boote & Wohnmobile im Elsass","og_description":"\u00dcbernachten Sie im Hafen von Colmar: Wohnmobilstellplatz, Bootsliegepl\u00e4tze, 1 km vom Zentrum entfernt. Natur, Ruhe und Service nur wenige Schritte von der Altstadt entfernt.","og_url":"https:\/\/www.port-de-colmar.com\/de\/","og_site_name":"Port de colmar","article_modified_time":"2026-04-17T08:26:01+00:00","og_image":[{"width":600,"height":450,"url":"https:\/\/www.port-de-colmar.com\/uploads\/sites\/60\/2025\/06\/port-colmar-bateaux-4.jpg","type":"image\/jpeg"}],"twitter_card":"summary_large_image","twitter_misc":{"Est. reading time":"3 Minuten"},"schema":{"@context":"https:\/\/schema.org","@graph":[{"@type":"WebPage","@id":"https:\/\/www.port-de-colmar.com\/de\/","url":"https:\/\/www.port-de-colmar.com\/de\/","name":"Freizeithafen Colmar | Boote & Wohnmobile im Elsass","isPartOf":{"@id":"https:\/\/www.port-de-colmar.com\/de\/#website"},"primaryImageOfPage":{"@id":"https:\/\/www.port-de-colmar.com\/de\/#primaryimage"},"image":{"@id":"https:\/\/www.port-de-colmar.com\/de\/#primaryimage"},"thumbnailUrl":"https:\/\/www.port-de-colmar.com\/uploads\/sites\/60\/2025\/06\/port-colmar-bateaux-4.jpg","datePublished":"2024-04-26T13:21:07+00:00","dateModified":"2026-04-17T08:26:01+00:00","description":"\u00dcbernachten Sie im Hafen von Colmar: Wohnmobilstellplatz, Bootsliegepl\u00e4tze, 1 km vom Zentrum entfernt. Natur, Ruhe und Service nur wenige Schritte von der Altstadt entfernt.","breadcrumb":{"@id":"https:\/\/www.port-de-colmar.com\/de\/#breadcrumb"},"inLanguage":"de-DE","potentialAction":[{"@type":"ReadAction","target":["https:\/\/www.port-de-colmar.com\/de\/"]}]},{"@type":"ImageObject","inLanguage":"de-DE","@id":"https:\/\/www.port-de-colmar.com\/de\/#primaryimage","url":"https:\/\/www.port-de-colmar.com\/uploads\/sites\/60\/2025\/06\/port-colmar-bateaux-4.jpg","contentUrl":"https:\/\/www.port-de-colmar.com\/uploads\/sites\/60\/2025\/06\/port-colmar-bateaux-4.jpg","width":600,"height":450},{"@type":"BreadcrumbList","@id":"https:\/\/www.port-de-colmar.com\/de\/#breadcrumb","itemListElement":[{"@type":"ListItem","position":1,"name":"Home","item":"https:\/\/www.port-de-colmar.com\/de\/"},{"@type":"ListItem","position":2,"name":"home"}]},{"@type":"WebSite","@id":"https:\/\/www.port-de-colmar.com\/de\/#website","url":"https:\/\/www.port-de-colmar.com\/de\/","name":"Port de colmar","description":"","potentialAction":[{"@type":"SearchAction","target":{"@type":"EntryPoint","urlTemplate":"https:\/\/www.port-de-colmar.com\/de\/?s={search_term_string}"},"query-input":{"@type":"PropertyValueSpecification","valueRequired":true,"valueName":"search_term_string"}}],"inLanguage":"de-DE"}]}},"_links":{"self":[{"href":"https:\/\/www.port-de-colmar.com\/de\/wp-json\/wp\/v2\/pages\/984","targetHints":{"allow":["GET"]}}],"collection":[{"href":"https:\/\/www.port-de-colmar.com\/de\/wp-json\/wp\/v2\/pages"}],"about":[{"href":"https:\/\/www.port-de-colmar.com\/de\/wp-json\/wp\/v2\/types\/page"}],"author":[{"embeddable":true,"href":"https:\/\/www.port-de-colmar.com\/de\/wp-json\/wp\/v2\/users\/4"}],"replies":[{"embeddable":true,"href":"https:\/\/www.port-de-colmar.com\/de\/wp-json\/wp\/v2\/comments?post=984"}],"version-history":[{"count":5,"href":"https:\/\/www.port-de-colmar.com\/de\/wp-json\/wp\/v2\/pages\/984\/revisions"}],"predecessor-version":[{"id":5306,"href":"https:\/\/www.port-de-colmar.com\/de\/wp-json\/wp\/v2\/pages\/984\/revisions\/5306"}],"wp:featuredmedia":[{"embeddable":true,"href":"https:\/\/www.port-de-colmar.com\/de\/wp-json\/wp\/v2\/media\/4896"}],"wp:attachment":[{"href":"https:\/\/www.port-de-colmar.com\/de\/wp-json\/wp\/v2\/media?parent=984"}],"curies":[{"name":"wp","href":"https:\/\/api.w.org\/{rel}","templated":true}]}}